{"id":12,"date":"2020-05-01T17:57:18","date_gmt":"2020-05-01T17:57:18","guid":{"rendered":"https:\/\/ariana-art.com\/?page_id=12"},"modified":"2020-05-01T18:06:44","modified_gmt":"2020-05-01T18:06:44","slug":"ein-startseiten-abschnitt","status":"publish","type":"page","link":"https:\/\/ariana-art.com\/?page_id=12","title":{"rendered":"In meinem Atelier habe ich seltene uns auserlesene orientalische Kunstgegenst\u00e4nde und \u00fcber 800 handgekn\u00fcpfte Teppiche (gr\u00f6\u00dftenteils von Nomaden hergestellt)"},"content":{"rendered":"\n<p>Wenn Sie ein wenig st\u00f6bern m\u00f6chten. k\u00f6nnen mich Anrufen und einen Termin vereinbaren.<\/p>\n","protected":false},"excerpt":{"rendered":"<p>Wenn Sie ein wenig st\u00f6bern m\u00f6chten. k\u00f6nnen mich Anrufen und einen Termin vereinbaren.<\/p>\n","protected":false},"author":1,"featured_media":5,"parent":0,"menu_order":0,"comment_status":"closed","ping_status":"closed","template":"","meta":{"footnotes":""},"jetpack_sharing_enabled":true,"_links":{"self":[{"href":"https:\/\/ariana-art.com\/index.php?rest_route=\/wp\/v2\/pages\/12"}],"collection":[{"href":"https:\/\/ariana-art.com\/index.php?rest_route=\/wp\/v2\/pages"}],"about":[{"href":"https:\/\/ariana-art.com\/index.php?rest_route=\/wp\/v2\/types\/page"}],"author":[{"embeddable":true,"href":"https:\/\/ariana-art.com\/index.php?rest_route=\/wp\/v2\/users\/1"}],"replies":[{"embeddable":true,"href":"https:\/\/ariana-art.com\/index.php?rest_route=%2Fwp%2Fv2%2Fcomments&post=12"}],"version-history":[{"count":2,"href":"https:\/\/ariana-art.com\/index.php?rest_route=\/wp\/v2\/pages\/12\/revisions"}],"predecessor-version":[{"id":32,"href":"https:\/\/ariana-art.com\/index.php?rest_route=\/wp\/v2\/pages\/12\/revisions\/32"}],"wp:featuredmedia":[{"embeddable":true,"href":"https:\/\/ariana-art.com\/index.php?rest_route=\/wp\/v2\/media\/5"}],"wp:attachment":[{"href":"https:\/\/ariana-art.com\/index.php?rest_route=%2Fwp%2Fv2%2Fmedia&parent=12"}],"curies":[{"name":"wp","href":"https:\/\/api.w.org\/{rel}","templated":true}]}}