{"id":9,"date":"2020-05-01T17:57:18","date_gmt":"2020-05-01T17:57:18","guid":{"rendered":"https:\/\/ariana-art.com\/?page_id=9"},"modified":"2023-12-10T20:58:47","modified_gmt":"2023-12-10T20:58:47","slug":"ueber-uns","status":"publish","type":"page","link":"https:\/\/ariana-art.com\/?page_id=9","title":{"rendered":"\u00dcber mich"},"content":{"rendered":"\n<p>M\u00f6glicherweise sind Sie k\u00fcnstlerisch t\u00e4tig und m\u00f6chten sich und Ihre Arbeiten hier vorstellen. Oder haben Sie vielleicht ein Business mit einer Mission, die es zu beschreiben gilt?<\/p>\n","protected":false},"excerpt":{"rendered":"<p>M\u00f6glicherweise sind Sie k\u00fcnstlerisch t\u00e4tig und m\u00f6chten sich und Ihre Arbeiten hier vorstellen. Oder haben Sie vielleicht ein Business mit einer Mission, die es zu beschreiben gilt?<\/p>\n","protected":false},"author":1,"featured_media":6,"parent":0,"menu_order":0,"comment_status":"closed","ping_status":"closed","template":"","meta":{"footnotes":""},"jetpack_sharing_enabled":true,"_links":{"self":[{"href":"https:\/\/ariana-art.com\/index.php?rest_route=\/wp\/v2\/pages\/9"}],"collection":[{"href":"https:\/\/ariana-art.com\/index.php?rest_route=\/wp\/v2\/pages"}],"about":[{"href":"https:\/\/ariana-art.com\/index.php?rest_route=\/wp\/v2\/types\/page"}],"author":[{"embeddable":true,"href":"https:\/\/ariana-art.com\/index.php?rest_route=\/wp\/v2\/users\/1"}],"replies":[{"embeddable":true,"href":"https:\/\/ariana-art.com\/index.php?rest_route=%2Fwp%2Fv2%2Fcomments&post=9"}],"version-history":[{"count":2,"href":"https:\/\/ariana-art.com\/index.php?rest_route=\/wp\/v2\/pages\/9\/revisions"}],"predecessor-version":[{"id":108,"href":"https:\/\/ariana-art.com\/index.php?rest_route=\/wp\/v2\/pages\/9\/revisions\/108"}],"wp:featuredmedia":[{"embeddable":true,"href":"https:\/\/ariana-art.com\/index.php?rest_route=\/wp\/v2\/media\/6"}],"wp:attachment":[{"href":"https:\/\/ariana-art.com\/index.php?rest_route=%2Fwp%2Fv2%2Fmedia&parent=9"}],"curies":[{"name":"wp","href":"https:\/\/api.w.org\/{rel}","templated":true}]}}